{"id":829,"date":"2014-04-15T11:14:51","date_gmt":"2014-04-15T09:14:51","guid":{"rendered":"http:\/\/www.wallaudio.de\/?page_id=829"},"modified":"2016-12-14T12:59:22","modified_gmt":"2016-12-14T10:59:22","slug":"opus-110-ph","status":"publish","type":"page","link":"https:\/\/www.wallaudio.de\/en\/opus-110-ph\/","title":{"rendered":"OPUS 110 PH"},"content":{"rendered":"<div class=\"wpb-content-wrapper\"><p>[vc_row row_type=&#8221;row&#8221; use_row_as_full_screen_section=&#8221;no&#8221; type=&#8221;full_width&#8221; oblique_section=&#8221;no&#8221; text_align=&#8221;left&#8221; css_animation=&#8221;&#8221;][vc_column width=&#8221;1\/2&#8243; css=&#8221;.vc_custom_1481713159863{margin-bottom: 50px !important;}&#8221;][vc_column_text]<\/p>\n<h2>OPUS 110 PH Phono Preamplifier<\/h2>\n<p><strong>We are sorry, this content is only availible in german language<\/strong><\/p>\n<p>Der OPUS 110 PH ist die Weiterf\u00fchrung der Entwicklung des <a title=\"OPUS 88\" href=\"https:\/\/www.wallaudio.de\/opus-88\/\">OPUS 88<\/a>. An unseren neuen Phonovorverst\u00e4rker k\u00f6nnen Sie bis zu vier Abtastsysteme anschlie\u00dfen.\u00a0Weiterhin besteht die M\u00f6glichkeit, bequem den Load an der Vorderseite des OPUS 110 PH einzustellen. Optional gibt es einen symetrischen Ausgang.<\/p>\n<h3>Technical Details<\/h3>\n<p><strong>Inputs:<br \/>\n<\/strong>MM 47KOhm, 2,5mV@0,777mV; RC Selector Load (C) 47pF; 100pF: 220pF; 470pF (R) Load 100KOhm; 47K\u03a9; 33K\u03a9; 15K\u03a9<br \/>\nMC Input Low Super Small Pickup; Selector Load (R) 50\u03a9; 100\u03a9; 200\u03a9; 1000\u03a9<br \/>\nMC Input High Normal Signal; Selector Load (R) 50\u03a9; 100\u03a9; 200\u03a9; 1000\u03a9<br \/>\nMC Symmetrisch Transformer Balanced<\/p>\n<p><strong>Frequency Response:<\/strong> 20Hz-100Khz@3dB<br \/>\n<strong>Distortion:<\/strong> 0,1%<br \/>\n<strong>S\/Noise:<\/strong> Line 80dB, 0dB output | Phono MM \u2013 55dB | Phono MC \u2013 70dB<br \/>\n<strong>RIAA:<\/strong> 0,2dB@20Hz-20Khz<\/p>\n<p><strong>Tube Phono:<\/strong> 2 x ECC82 | 4 x ECC83, RCA Output<br \/>\n<strong>Tube Symmetric Output:<\/strong> 4 x ECC88 (Option)<br \/>\n<strong>Tube Power Supply:<\/strong> 1 x ECC82 | 1 x EF80 | 1 x 6C19 | 1 x EZ80<\/p>\n<p><strong>Size\/Weight Preamp:<\/strong> 43cm x 8cm x 32cm, 10kg<br \/>\n<strong>Size\/Weight Power Supply:<\/strong> 15cm x 8cm x 25cm, 6kg<\/p>\n<p><strong>Power Consumption:<\/strong> 60VA, 230V<br \/>\n<strong>Front Panel:<\/strong> OFF\/ON, Input Selector, MC Selektor, MM Selektor[\/vc_column_text][\/vc_column][vc_column width=&#8221;1\/2&#8243; css=&#8221;.vc_custom_1430580177388{margin-bottom: 50px !important;}&#8221;][vc_gallery type=&#8221;image_grid&#8221; images=&#8221;1776,1777&#8243; img_size=&#8221;full&#8221; column_number=&#8221;0&#8243; grayscale=&#8221;no&#8221; hover_icon=&#8221;none&#8221; images_space=&#8221;gallery_without_space&#8221;][\/vc_column][\/vc_row]<\/p>\n<\/div>","protected":false},"excerpt":{"rendered":"<p>[vc_row row_type=&#8221;row&#8221; use_row_as_full_screen_section=&#8221;no&#8221; type=&#8221;full_width&#8221; oblique_section=&#8221;no&#8221; text_align=&#8221;left&#8221; css_animation=&#8221;&#8221;][vc_column width=&#8221;1\/2&#8243; css=&#8221;.vc_custom_1481713159863{margin-bottom: 50px !important;}&#8221;][vc_column_text] OPUS 110 PH Phono Preamplifier We are sorry, this content is only availible in german language Der OPUS 110&#8230;<\/p>\n","protected":false},"author":1,"featured_media":0,"parent":0,"menu_order":3,"comment_status":"closed","ping_status":"closed","template":"","meta":{"footnotes":""},"class_list":["post-829","page","type-page","status-publish","hentry"],"yoast_head":"<!-- This site is optimized with the Yoast SEO plugin v27.4 - https:\/\/yoast.com\/product\/yoast-seo-wordpress\/ -->\n<title>OPUS 110 PH | Wall Audio Tube Technology<\/title>\n<meta name=\"description\" content=\"OPUS 110 PH Phono Preamplifier. Der OPUS 110 PH ist die Weiterf\u00fchrung der Entwicklung des OPUS 88. An unseren neuen Phonovorverst\u00e4rker k\u00f6nnen Sie bis zu...\" \/>\n<meta name=\"robots\" content=\"index, follow, max-snippet:-1, max-image-preview:large, max-video-preview:-1\" \/>\n<link rel=\"canonical\" href=\"https:\/\/www.wallaudio.de\/en\/opus-110-ph\/\" \/>\n<meta property=\"og:locale\" content=\"en_US\" \/>\n<meta property=\"og:type\" content=\"article\" \/>\n<meta property=\"og:title\" content=\"OPUS 110 PH | Wall Audio Tube Technology\" \/>\n<meta property=\"og:description\" content=\"OPUS 110 PH Phono Preamplifier. Der OPUS 110 PH ist die Weiterf\u00fchrung der Entwicklung des OPUS 88. An unseren neuen Phonovorverst\u00e4rker k\u00f6nnen Sie bis zu...\" \/>\n<meta property=\"og:url\" content=\"https:\/\/www.wallaudio.de\/en\/opus-110-ph\/\" \/>\n<meta property=\"og:site_name\" content=\"Wall Audio Tube Technology\" \/>\n<meta property=\"article:modified_time\" content=\"2016-12-14T10:59:22+00:00\" \/>\n<meta name=\"twitter:label1\" content=\"Est. reading time\" \/>\n\t<meta name=\"twitter:data1\" content=\"1 minute\" \/>\n<script type=\"application\/ld+json\" class=\"yoast-schema-graph\">{\"@context\":\"https:\\\/\\\/schema.org\",\"@graph\":[{\"@type\":\"WebPage\",\"@id\":\"https:\\\/\\\/www.wallaudio.de\\\/en\\\/opus-110-ph\\\/\",\"url\":\"https:\\\/\\\/www.wallaudio.de\\\/en\\\/opus-110-ph\\\/\",\"name\":\"OPUS 110 PH | Wall Audio Tube Technology\",\"isPartOf\":{\"@id\":\"https:\\\/\\\/www.wallaudio.de\\\/en\\\/#website\"},\"datePublished\":\"2014-04-15T09:14:51+00:00\",\"dateModified\":\"2016-12-14T10:59:22+00:00\",\"description\":\"OPUS 110 PH Phono Preamplifier. Der OPUS 110 PH ist die Weiterf\u00fchrung der Entwicklung des OPUS 88. An unseren neuen Phonovorverst\u00e4rker k\u00f6nnen Sie bis zu...\",\"breadcrumb\":{\"@id\":\"https:\\\/\\\/www.wallaudio.de\\\/en\\\/opus-110-ph\\\/#breadcrumb\"},\"inLanguage\":\"en-US\",\"potentialAction\":[{\"@type\":\"ReadAction\",\"target\":[\"https:\\\/\\\/www.wallaudio.de\\\/en\\\/opus-110-ph\\\/\"]}]},{\"@type\":\"BreadcrumbList\",\"@id\":\"https:\\\/\\\/www.wallaudio.de\\\/en\\\/opus-110-ph\\\/#breadcrumb\",\"itemListElement\":[{\"@type\":\"ListItem\",\"position\":1,\"name\":\"Home\",\"item\":\"https:\\\/\\\/www.wallaudio.de\\\/en\\\/\"},{\"@type\":\"ListItem\",\"position\":2,\"name\":\"OPUS 110 PH\"}]},{\"@type\":\"WebSite\",\"@id\":\"https:\\\/\\\/www.wallaudio.de\\\/en\\\/#website\",\"url\":\"https:\\\/\\\/www.wallaudio.de\\\/en\\\/\",\"name\":\"Wall Audio Tube Technology\",\"description\":\"\",\"publisher\":{\"@id\":\"https:\\\/\\\/www.wallaudio.de\\\/en\\\/#organization\"},\"potentialAction\":[{\"@type\":\"SearchAction\",\"target\":{\"@type\":\"EntryPoint\",\"urlTemplate\":\"https:\\\/\\\/www.wallaudio.de\\\/en\\\/?s={search_term_string}\"},\"query-input\":{\"@type\":\"PropertyValueSpecification\",\"valueRequired\":true,\"valueName\":\"search_term_string\"}}],\"inLanguage\":\"en-US\"},{\"@type\":\"Organization\",\"@id\":\"https:\\\/\\\/www.wallaudio.de\\\/en\\\/#organization\",\"name\":\"Wall Audio Tube Technology\",\"url\":\"https:\\\/\\\/www.wallaudio.de\\\/en\\\/\",\"logo\":{\"@type\":\"ImageObject\",\"inLanguage\":\"en-US\",\"@id\":\"https:\\\/\\\/www.wallaudio.de\\\/en\\\/#\\\/schema\\\/logo\\\/image\\\/\",\"url\":\"https:\\\/\\\/www.wallaudio.de\\\/wp-content\\\/uploads\\\/2014\\\/06\\\/logo@2x.png\",\"contentUrl\":\"https:\\\/\\\/www.wallaudio.de\\\/wp-content\\\/uploads\\\/2014\\\/06\\\/logo@2x.png\",\"width\":476,\"height\":240,\"caption\":\"Wall Audio Tube Technology\"},\"image\":{\"@id\":\"https:\\\/\\\/www.wallaudio.de\\\/en\\\/#\\\/schema\\\/logo\\\/image\\\/\"}}]}<\/script>\n<!-- \/ Yoast SEO plugin. -->","yoast_head_json":{"title":"OPUS 110 PH | Wall Audio Tube Technology","description":"OPUS 110 PH Phono Preamplifier. Der OPUS 110 PH ist die Weiterf\u00fchrung der Entwicklung des OPUS 88. An unseren neuen Phonovorverst\u00e4rker k\u00f6nnen Sie bis zu...","robots":{"index":"index","follow":"follow","max-snippet":"max-snippet:-1","max-image-preview":"max-image-preview:large","max-video-preview":"max-video-preview:-1"},"canonical":"https:\/\/www.wallaudio.de\/en\/opus-110-ph\/","og_locale":"en_US","og_type":"article","og_title":"OPUS 110 PH | Wall Audio Tube Technology","og_description":"OPUS 110 PH Phono Preamplifier. Der OPUS 110 PH ist die Weiterf\u00fchrung der Entwicklung des OPUS 88. An unseren neuen Phonovorverst\u00e4rker k\u00f6nnen Sie bis zu...","og_url":"https:\/\/www.wallaudio.de\/en\/opus-110-ph\/","og_site_name":"Wall Audio Tube Technology","article_modified_time":"2016-12-14T10:59:22+00:00","twitter_misc":{"Est. reading time":"1 minute"},"schema":{"@context":"https:\/\/schema.org","@graph":[{"@type":"WebPage","@id":"https:\/\/www.wallaudio.de\/en\/opus-110-ph\/","url":"https:\/\/www.wallaudio.de\/en\/opus-110-ph\/","name":"OPUS 110 PH | Wall Audio Tube Technology","isPartOf":{"@id":"https:\/\/www.wallaudio.de\/en\/#website"},"datePublished":"2014-04-15T09:14:51+00:00","dateModified":"2016-12-14T10:59:22+00:00","description":"OPUS 110 PH Phono Preamplifier. Der OPUS 110 PH ist die Weiterf\u00fchrung der Entwicklung des OPUS 88. An unseren neuen Phonovorverst\u00e4rker k\u00f6nnen Sie bis zu...","breadcrumb":{"@id":"https:\/\/www.wallaudio.de\/en\/opus-110-ph\/#breadcrumb"},"inLanguage":"en-US","potentialAction":[{"@type":"ReadAction","target":["https:\/\/www.wallaudio.de\/en\/opus-110-ph\/"]}]},{"@type":"BreadcrumbList","@id":"https:\/\/www.wallaudio.de\/en\/opus-110-ph\/#breadcrumb","itemListElement":[{"@type":"ListItem","position":1,"name":"Home","item":"https:\/\/www.wallaudio.de\/en\/"},{"@type":"ListItem","position":2,"name":"OPUS 110 PH"}]},{"@type":"WebSite","@id":"https:\/\/www.wallaudio.de\/en\/#website","url":"https:\/\/www.wallaudio.de\/en\/","name":"Wall Audio Tube Technology","description":"","publisher":{"@id":"https:\/\/www.wallaudio.de\/en\/#organization"},"potentialAction":[{"@type":"SearchAction","target":{"@type":"EntryPoint","urlTemplate":"https:\/\/www.wallaudio.de\/en\/?s={search_term_string}"},"query-input":{"@type":"PropertyValueSpecification","valueRequired":true,"valueName":"search_term_string"}}],"inLanguage":"en-US"},{"@type":"Organization","@id":"https:\/\/www.wallaudio.de\/en\/#organization","name":"Wall Audio Tube Technology","url":"https:\/\/www.wallaudio.de\/en\/","logo":{"@type":"ImageObject","inLanguage":"en-US","@id":"https:\/\/www.wallaudio.de\/en\/#\/schema\/logo\/image\/","url":"https:\/\/www.wallaudio.de\/wp-content\/uploads\/2014\/06\/logo@2x.png","contentUrl":"https:\/\/www.wallaudio.de\/wp-content\/uploads\/2014\/06\/logo@2x.png","width":476,"height":240,"caption":"Wall Audio Tube Technology"},"image":{"@id":"https:\/\/www.wallaudio.de\/en\/#\/schema\/logo\/image\/"}}]}},"_links":{"self":[{"href":"https:\/\/www.wallaudio.de\/en\/wp-json\/wp\/v2\/pages\/829","targetHints":{"allow":["GET"]}}],"collection":[{"href":"https:\/\/www.wallaudio.de\/en\/wp-json\/wp\/v2\/pages"}],"about":[{"href":"https:\/\/www.wallaudio.de\/en\/wp-json\/wp\/v2\/types\/page"}],"author":[{"embeddable":true,"href":"https:\/\/www.wallaudio.de\/en\/wp-json\/wp\/v2\/users\/1"}],"replies":[{"embeddable":true,"href":"https:\/\/www.wallaudio.de\/en\/wp-json\/wp\/v2\/comments?post=829"}],"version-history":[{"count":0,"href":"https:\/\/www.wallaudio.de\/en\/wp-json\/wp\/v2\/pages\/829\/revisions"}],"wp:attachment":[{"href":"https:\/\/www.wallaudio.de\/en\/wp-json\/wp\/v2\/media?parent=829"}],"curies":[{"name":"wp","href":"https:\/\/api.w.org\/{rel}","templated":true}]}}