{"id":575,"date":"2013-05-01T17:52:57","date_gmt":"2013-05-01T15:52:57","guid":{"rendered":"http:\/\/www.wallaudio.de\/?page_id=575"},"modified":"2020-05-14T09:18:08","modified_gmt":"2020-05-14T07:18:08","slug":"imprint","status":"publish","type":"page","link":"https:\/\/www.wallaudio.de\/en\/imprint\/","title":{"rendered":"Imprint"},"content":{"rendered":"<div class=\"wpb-content-wrapper\"><p>[vc_row row_type=&#8221;row&#8221; use_row_as_full_screen_section=&#8221;no&#8221; type=&#8221;full_width&#8221; oblique_section=&#8221;no&#8221; text_align=&#8221;left&#8221; css_animation=&#8221;&#8221;][vc_column][vc_column_text]<\/p>\n<h2>Impressum<\/h2>\n<h3>Wall Audio Tube Technology<\/h3>\n<p>Inhaber: Andreas Wall<br \/>\nWEEE-Reg.-Nr. DE35228256<br \/>\nUst.ID-Nr. DE126821798<br \/>\nHandelsregistereintrag HRB 925492<br \/>\nRegistergericht Freiburg<br \/>\nEORI-Nr. DE876800537283499<\/p>\n<p><strong>Kontakt<br \/>\n<\/strong>Wall Audio Tube Technology<br \/>\nAndreas Wall<br \/>\nW\u00f6hlerstra\u00dfe 2<br \/>\n79108 Freiburg<br \/>\nTelefon: +49 761 5009466<br \/>\nFax: +49 761 5573826<br \/>\nE-Mail: <a href=\"mailto:info@wallaudio.de\">info@wallaudio.de<\/a><\/p>\n<p><strong>Verantwortlich nach \u00a710, Abs. 3 MDStV:<\/strong><br \/>\nAndreas Wall<\/p>\n<p><strong>Technische Realisierung<\/strong><br \/>\nwall-it<br \/>\nSoftware- und Webseitenentwicklung<br \/>\n<a href=\"http:\/\/www.wall-it.de\" target=\"_blank\" rel=\"noopener noreferrer\">www.wall-it.de<\/a><\/p>\n<p>Die Rechte f\u00fcr das verwendete Bildmaterial liegen bei Andreas Wall.<\/p>\n<h3 class=\"mixed\">Haftungsausschluss (Disclaimer)<\/h3>\n<p><strong>Haftung f\u00fcr Inhalte<\/strong><\/p>\n<p>Als Diensteanbieter sind wir gem\u00e4\u00df \u00a7 7 Abs.1 TMG f\u00fcr eigene Inhalte auf diesen Seiten nach den allgemeinen Gesetzen verantwortlich. Nach \u00a7\u00a7 8 bis 10 TMG sind wir als Diensteanbieter jedoch nicht verpflichtet, \u00fcbermittelte oder gespeicherte fremde Informationen zu \u00fcberwachen oder nach Umst\u00e4nden zu forschen, die auf eine rechtswidrige T\u00e4tigkeit hinweisen. Verpflichtungen zur Entfernung oder Sperrung der Nutzung von Informationen nach den allgemeinen Gesetzen bleiben hiervon unber\u00fchrt. Eine diesbez\u00fcgliche Haftung ist jedoch erst ab dem Zeitpunkt der Kenntnis einer konkreten Rechtsverletzung m\u00f6glich. Bei Bekanntwerden von entsprechenden Rechtsverletzungen werden wir diese Inhalte umgehend entfernen.<\/p>\n<p><strong>Haftung f\u00fcr Links<\/strong><\/p>\n<p>Unser Angebot enth\u00e4lt Links zu externen Webseiten Dritter, auf deren Inhalte wir keinen Einfluss haben. Deshalb k\u00f6nnen wir f\u00fcr diese fremden Inhalte auch keine Gew\u00e4hr \u00fcbernehmen. F\u00fcr die Inhalte der verlinkten Seiten ist stets der jeweilige Anbieter oder Betreiber der Seiten verantwortlich. Die verlinkten Seiten wurden zum Zeitpunkt der Verlinkung auf m\u00f6gliche Rechtsverst\u00f6\u00dfe \u00fcberpr\u00fcft. Rechtswidrige Inhalte waren zum Zeitpunkt der Verlinkung nicht erkennbar. Eine permanente inhaltliche Kontrolle der verlinkten Seiten ist jedoch ohne konkrete Anhaltspunkte einer Rechtsverletzung nicht zumutbar. Bei Bekanntwerden von Rechtsverletzungen werden wir derartige Links umgehend entfernen.<\/p>\n<p><strong>Urheberrecht<\/strong><\/p>\n<p>Die durch die Seitenbetreiber erstellten Inhalte und Werke auf diesen Seiten unterliegen dem deutschen Urheberrecht. Die Vervielf\u00e4ltigung, Bearbeitung, Verbreitung und jede Art der Verwertung au\u00dferhalb der Grenzen des Urheberrechtes bed\u00fcrfen der schriftlichen Zustimmung des jeweiligen Autors bzw. Erstellers. Downloads und Kopien dieser Seite sind nur f\u00fcr den privaten, nicht kommerziellen Gebrauch gestattet. Soweit die Inhalte auf dieser Seite nicht vom Betreiber erstellt wurden, werden die Urheberrechte Dritter beachtet. Insbesondere werden Inhalte Dritter als solche gekennzeichnet. Sollten Sie trotzdem auf eine Urheberrechtsverletzung aufmerksam werden, bitten wir um einen entsprechenden Hinweis. Bei Bekanntwerden von Rechtsverletzungen werden wir derartige Inhalte umgehend entfernen.<\/p>\n<p>&nbsp;<\/p>\n<p><em>Quellenangaben: Disclaimer von <a href=\"http:\/\/www.eRecht24.de\" target=\"_blank\" rel=\"noopener noreferrer\">eRecht24<\/a>, dem Portal zum Internetrecht von Rechtsanwalt S\u00f6ren Siebert<\/em>[\/vc_column_text][\/vc_column][\/vc_row]<\/p>\n<\/div>","protected":false},"excerpt":{"rendered":"<p>[vc_row row_type=&#8221;row&#8221; use_row_as_full_screen_section=&#8221;no&#8221; type=&#8221;full_width&#8221; oblique_section=&#8221;no&#8221; text_align=&#8221;left&#8221; css_animation=&#8221;&#8221;][vc_column][vc_column_text] Impressum Wall Audio Tube Technology Inhaber: Andreas Wall WEEE-Reg.-Nr. DE35228256 Ust.ID-Nr. DE126821798 Handelsregistereintrag HRB 925492 Registergericht Freiburg EORI-Nr. DE876800537283499 Kontakt Wall Audio Tube&#8230;<\/p>\n","protected":false},"author":1,"featured_media":0,"parent":0,"menu_order":2,"comment_status":"closed","ping_status":"closed","template":"","meta":{"footnotes":""},"class_list":["post-575","page","type-page","status-publish","hentry"],"yoast_head":"<!-- This site is optimized with the Yoast SEO plugin v27.4 - https:\/\/yoast.com\/product\/yoast-seo-wordpress\/ -->\n<title>Imprint | Wall Audio Tube Technology<\/title>\n<meta name=\"description\" content=\"Wall Audio Tube Technology - High End for over 30 Years - High End Tube Amplifier - Made In Germany\" \/>\n<meta name=\"robots\" content=\"index, follow, max-snippet:-1, max-image-preview:large, max-video-preview:-1\" \/>\n<link rel=\"canonical\" href=\"https:\/\/www.wallaudio.de\/en\/imprint\/\" \/>\n<meta property=\"og:locale\" content=\"en_US\" \/>\n<meta property=\"og:type\" content=\"article\" \/>\n<meta property=\"og:title\" content=\"Imprint | Wall Audio Tube Technology\" \/>\n<meta property=\"og:description\" content=\"Wall Audio Tube Technology - High End for over 30 Years - High End Tube Amplifier - Made In Germany\" \/>\n<meta property=\"og:url\" content=\"https:\/\/www.wallaudio.de\/en\/imprint\/\" \/>\n<meta property=\"og:site_name\" content=\"Wall Audio Tube Technology\" \/>\n<meta property=\"article:modified_time\" content=\"2020-05-14T07:18:08+00:00\" \/>\n<meta name=\"twitter:label1\" content=\"Est. reading time\" \/>\n\t<meta name=\"twitter:data1\" content=\"2 minutes\" \/>\n<script type=\"application\/ld+json\" class=\"yoast-schema-graph\">{\"@context\":\"https:\\\/\\\/schema.org\",\"@graph\":[{\"@type\":\"WebPage\",\"@id\":\"https:\\\/\\\/www.wallaudio.de\\\/en\\\/imprint\\\/\",\"url\":\"https:\\\/\\\/www.wallaudio.de\\\/en\\\/imprint\\\/\",\"name\":\"Imprint | Wall Audio Tube Technology\",\"isPartOf\":{\"@id\":\"https:\\\/\\\/www.wallaudio.de\\\/en\\\/#website\"},\"datePublished\":\"2013-05-01T15:52:57+00:00\",\"dateModified\":\"2020-05-14T07:18:08+00:00\",\"description\":\"Wall Audio Tube Technology - High End for over 30 Years - High End Tube Amplifier - Made In Germany\",\"breadcrumb\":{\"@id\":\"https:\\\/\\\/www.wallaudio.de\\\/en\\\/imprint\\\/#breadcrumb\"},\"inLanguage\":\"en-US\",\"potentialAction\":[{\"@type\":\"ReadAction\",\"target\":[\"https:\\\/\\\/www.wallaudio.de\\\/en\\\/imprint\\\/\"]}]},{\"@type\":\"BreadcrumbList\",\"@id\":\"https:\\\/\\\/www.wallaudio.de\\\/en\\\/imprint\\\/#breadcrumb\",\"itemListElement\":[{\"@type\":\"ListItem\",\"position\":1,\"name\":\"Home\",\"item\":\"https:\\\/\\\/www.wallaudio.de\\\/en\\\/\"},{\"@type\":\"ListItem\",\"position\":2,\"name\":\"Imprint\"}]},{\"@type\":\"WebSite\",\"@id\":\"https:\\\/\\\/www.wallaudio.de\\\/en\\\/#website\",\"url\":\"https:\\\/\\\/www.wallaudio.de\\\/en\\\/\",\"name\":\"Wall Audio Tube Technology\",\"description\":\"\",\"publisher\":{\"@id\":\"https:\\\/\\\/www.wallaudio.de\\\/en\\\/#organization\"},\"potentialAction\":[{\"@type\":\"SearchAction\",\"target\":{\"@type\":\"EntryPoint\",\"urlTemplate\":\"https:\\\/\\\/www.wallaudio.de\\\/en\\\/?s={search_term_string}\"},\"query-input\":{\"@type\":\"PropertyValueSpecification\",\"valueRequired\":true,\"valueName\":\"search_term_string\"}}],\"inLanguage\":\"en-US\"},{\"@type\":\"Organization\",\"@id\":\"https:\\\/\\\/www.wallaudio.de\\\/en\\\/#organization\",\"name\":\"Wall Audio Tube Technology\",\"url\":\"https:\\\/\\\/www.wallaudio.de\\\/en\\\/\",\"logo\":{\"@type\":\"ImageObject\",\"inLanguage\":\"en-US\",\"@id\":\"https:\\\/\\\/www.wallaudio.de\\\/en\\\/#\\\/schema\\\/logo\\\/image\\\/\",\"url\":\"https:\\\/\\\/www.wallaudio.de\\\/wp-content\\\/uploads\\\/2014\\\/06\\\/logo@2x.png\",\"contentUrl\":\"https:\\\/\\\/www.wallaudio.de\\\/wp-content\\\/uploads\\\/2014\\\/06\\\/logo@2x.png\",\"width\":476,\"height\":240,\"caption\":\"Wall Audio Tube Technology\"},\"image\":{\"@id\":\"https:\\\/\\\/www.wallaudio.de\\\/en\\\/#\\\/schema\\\/logo\\\/image\\\/\"}}]}<\/script>\n<!-- \/ Yoast SEO plugin. -->","yoast_head_json":{"title":"Imprint | Wall Audio Tube Technology","description":"Wall Audio Tube Technology - High End for over 30 Years - High End Tube Amplifier - Made In Germany","robots":{"index":"index","follow":"follow","max-snippet":"max-snippet:-1","max-image-preview":"max-image-preview:large","max-video-preview":"max-video-preview:-1"},"canonical":"https:\/\/www.wallaudio.de\/en\/imprint\/","og_locale":"en_US","og_type":"article","og_title":"Imprint | Wall Audio Tube Technology","og_description":"Wall Audio Tube Technology - High End for over 30 Years - High End Tube Amplifier - Made In Germany","og_url":"https:\/\/www.wallaudio.de\/en\/imprint\/","og_site_name":"Wall Audio Tube Technology","article_modified_time":"2020-05-14T07:18:08+00:00","twitter_misc":{"Est. reading time":"2 minutes"},"schema":{"@context":"https:\/\/schema.org","@graph":[{"@type":"WebPage","@id":"https:\/\/www.wallaudio.de\/en\/imprint\/","url":"https:\/\/www.wallaudio.de\/en\/imprint\/","name":"Imprint | Wall Audio Tube Technology","isPartOf":{"@id":"https:\/\/www.wallaudio.de\/en\/#website"},"datePublished":"2013-05-01T15:52:57+00:00","dateModified":"2020-05-14T07:18:08+00:00","description":"Wall Audio Tube Technology - High End for over 30 Years - High End Tube Amplifier - Made In Germany","breadcrumb":{"@id":"https:\/\/www.wallaudio.de\/en\/imprint\/#breadcrumb"},"inLanguage":"en-US","potentialAction":[{"@type":"ReadAction","target":["https:\/\/www.wallaudio.de\/en\/imprint\/"]}]},{"@type":"BreadcrumbList","@id":"https:\/\/www.wallaudio.de\/en\/imprint\/#breadcrumb","itemListElement":[{"@type":"ListItem","position":1,"name":"Home","item":"https:\/\/www.wallaudio.de\/en\/"},{"@type":"ListItem","position":2,"name":"Imprint"}]},{"@type":"WebSite","@id":"https:\/\/www.wallaudio.de\/en\/#website","url":"https:\/\/www.wallaudio.de\/en\/","name":"Wall Audio Tube Technology","description":"","publisher":{"@id":"https:\/\/www.wallaudio.de\/en\/#organization"},"potentialAction":[{"@type":"SearchAction","target":{"@type":"EntryPoint","urlTemplate":"https:\/\/www.wallaudio.de\/en\/?s={search_term_string}"},"query-input":{"@type":"PropertyValueSpecification","valueRequired":true,"valueName":"search_term_string"}}],"inLanguage":"en-US"},{"@type":"Organization","@id":"https:\/\/www.wallaudio.de\/en\/#organization","name":"Wall Audio Tube Technology","url":"https:\/\/www.wallaudio.de\/en\/","logo":{"@type":"ImageObject","inLanguage":"en-US","@id":"https:\/\/www.wallaudio.de\/en\/#\/schema\/logo\/image\/","url":"https:\/\/www.wallaudio.de\/wp-content\/uploads\/2014\/06\/logo@2x.png","contentUrl":"https:\/\/www.wallaudio.de\/wp-content\/uploads\/2014\/06\/logo@2x.png","width":476,"height":240,"caption":"Wall Audio Tube Technology"},"image":{"@id":"https:\/\/www.wallaudio.de\/en\/#\/schema\/logo\/image\/"}}]}},"_links":{"self":[{"href":"https:\/\/www.wallaudio.de\/en\/wp-json\/wp\/v2\/pages\/575","targetHints":{"allow":["GET"]}}],"collection":[{"href":"https:\/\/www.wallaudio.de\/en\/wp-json\/wp\/v2\/pages"}],"about":[{"href":"https:\/\/www.wallaudio.de\/en\/wp-json\/wp\/v2\/types\/page"}],"author":[{"embeddable":true,"href":"https:\/\/www.wallaudio.de\/en\/wp-json\/wp\/v2\/users\/1"}],"replies":[{"embeddable":true,"href":"https:\/\/www.wallaudio.de\/en\/wp-json\/wp\/v2\/comments?post=575"}],"version-history":[{"count":1,"href":"https:\/\/www.wallaudio.de\/en\/wp-json\/wp\/v2\/pages\/575\/revisions"}],"predecessor-version":[{"id":2148,"href":"https:\/\/www.wallaudio.de\/en\/wp-json\/wp\/v2\/pages\/575\/revisions\/2148"}],"wp:attachment":[{"href":"https:\/\/www.wallaudio.de\/en\/wp-json\/wp\/v2\/media?parent=575"}],"curies":[{"name":"wp","href":"https:\/\/api.w.org\/{rel}","templated":true}]}}